{"id":6,"date":"2024-04-16T22:22:06","date_gmt":"2024-04-16T20:22:06","guid":{"rendered":"https:\/\/eredidigitali.ch\/?page_id=6"},"modified":"2024-04-16T22:22:06","modified_gmt":"2024-04-16T20:22:06","slug":"eredi-digitali","status":"publish","type":"page","link":"https:\/\/eredidigitali.ch\/","title":{"rendered":"Eredi Digitali"},"content":{"rendered":"<div id=\"sp-page\" class=\"spBgcover sp-content-1\" style=\"background-color: rgb(255, 255, 255); font-family: Poppins, sans-serif; font-weight: 400;\">\n<section id=\"sp-ri2v48\" data-mobile-visibility=\"#sp-ri2v48|false\" data-tablet-visibility=\"#sp-ri2v48|false\" data-desktop-visibility=\"#sp-ri2v48|false\" data-mobile-css=\"\" data-tablet-css=\"\" class=\"sp-el-section  spBgfull\" style=\"background-image: linear-gradient(0deg, rgba(0, 0, 0, 0), rgba(0, 0, 0, 0)), url('https:\/\/eredidigitali.ch\/wp-content\/uploads\/2024\/04\/perdita.jpg'); background-color: rgb(217, 142, 139); width: 100%; max-width: 100%; padding: 10px;\">\n<div id=\"sp-f48337\" data-mobile-visibility=\"#sp-f48337|false\" data-tablet-visibility=\"#sp-f48337|false\" data-desktop-visibility=\"#sp-f48337|false\" data-mobile-css=\"\" data-tablet-css=\"\" class=\"sp-el-row sm:sp-flex sp-w-full  sp-m-auto sp-justify-between\" style=\"padding: 0px; width: auto; max-width: 1000px;\">\n<div id=\"sp-ocbipu\" data-mobile-visibility=\"#sp-ocbipu|false\" data-tablet-visibility=\"#sp-ocbipu|false\" data-desktop-visibility=\"#sp-ocbipu|false\" data-mobile-css=\"\" data-tablet-css=\"\" class=\"sp-el-col  sp-w-full\" style=\"width: calc(100% - 0px);\">\n<style type=\"text\/css\">\n      #sp-ocbipu .sp-col-top .seedprod-shape-fill {fill: undefined;} #sp-ocbipu .sp-col-top svg {width: undefined%;height: undefinedpx;transform: translateX(-50%);} #sp-ocbipu .sp-col-bottom .seedprod-shape-fill {fill: undefined;} #sp-ocbipu .sp-col-bottom svg {width: undefined%;height: undefinedpx;transform: translateX(-50%);}\n    <\/style>\n<div class=\"sp-col-shape sp-col-top\" style=\"z-index: 0;\">\n<div><\/div>\n<\/div>\n<div class=\"sp-col-shape sp-col-bottom\" style=\"z-index: 0;\">\n<div><\/div>\n<\/div>\n<p><span href=\"\" target=\"\" rel=\"\" class=\"sp-header-block-link\" style=\"text-decoration: none;\"><\/p>\n<h1 id=\"sp-vg2cvc\" data-mobile-css=\".sp-headline-block-vg2cvc, #sp-vg2cvc, #vg2cvc|text-align:center;\" data-tablet-css=\".sp-headline-block-vg2cvc, #sp-vg2cvc, #vg2cvc|text-align:center;\" data-mobile-visibility=\".sp-headline-block-vg2cvc|false\" data-tablet-visibility=\".sp-headline-block-vg2cvc|false\" data-desktop-visibility=\".sp-headline-block-vg2cvc|false\" class=\"sp-css-target sp-el-block sp-headline-block-vg2cvc sp-type-header\" style=\"font-size: 92px; text-shadow: rgba(0, 0, 0, 0.3) 3px 3px 6px; text-align: left; margin: 323px 0px 0px;\">Eredi Digitali,<br \/>possiamo aiutarti<\/h1>\n<p><\/span><\/p>\n<div id=\"sp-xq9wwj\" data-mobile-css=\".sp-text-wrapper-xq9wwj, #sp-xq9wwj, #xq9wwj|text-align:left;\" data-tablet-css=\".sp-text-wrapper-xq9wwj, #sp-xq9wwj, #xq9wwj|text-align:left;\" data-mobile-visibility=\".sp-text-wrapper-xq9wwj|false\" data-tablet-visibility=\".sp-text-wrapper-xq9wwj|false\" data-desktop-visibility=\".sp-text-wrapper-xq9wwj|false\" class=\"sp-css-target sp-text-wrapper sp-el-block sp-text-block-style sp-text-wrapper-xq9wwj\" style=\"color: rgb(204, 204, 204); margin: 0px; text-align: right;\">\n<p><a href=\"https:\/\/www.pexels.com\/it-it\/foto\/uomo-coppia-amore-donna-8057332\/\" target=\"_blank\" rel=\"noopener\">Foto di Pavel Danilyuk<\/a><\/p>\n<\/div>\n<\/div>\n<\/div>\n<\/section>\n<section id=\"sp-nvqo7g\" data-mobile-visibility=\"#sp-nvqo7g|false\" data-tablet-visibility=\"#sp-nvqo7g|false\" data-desktop-visibility=\"#sp-nvqo7g|false\" data-mobile-css=\"\" data-tablet-css=\"\" class=\"sp-el-section \" style=\"width: 100%; max-width: 100%; padding: 10px; margin-top: 80px;\">\n<div id=\"sp-ek42xo\" data-mobile-visibility=\"#sp-ek42xo|false\" data-tablet-visibility=\"#sp-ek42xo|false\" data-desktop-visibility=\"#sp-ek42xo|false\" data-mobile-css=\"\" data-tablet-css=\"\" class=\"sp-el-row sm:sp-flex sp-w-full  sp-m-auto sp-justify-between\" style=\"padding: 0px; width: auto; max-width: 1000px;\">\n<div id=\"sp-mylas8\" data-mobile-visibility=\"#sp-mylas8|false\" data-tablet-visibility=\"#sp-mylas8|false\" data-desktop-visibility=\"#sp-mylas8|false\" data-mobile-css=\"\" data-tablet-css=\"\" class=\"sp-el-col  sp-w-full\" style=\"width: calc(50% - 0px);\">\n<style type=\"text\/css\">\n      #sp-mylas8 .sp-col-top .seedprod-shape-fill {fill: undefined;} #sp-mylas8 .sp-col-top svg {width: undefined%;height: undefinedpx;transform: translateX(-50%);} #sp-mylas8 .sp-col-bottom .seedprod-shape-fill {fill: undefined;} #sp-mylas8 .sp-col-bottom svg {width: undefined%;height: undefinedpx;transform: translateX(-50%);}\n    <\/style>\n<div class=\"sp-col-shape sp-col-top\" style=\"z-index: 0;\">\n<div><\/div>\n<\/div>\n<div class=\"sp-col-shape sp-col-bottom\" style=\"z-index: 0;\">\n<div><\/div>\n<\/div>\n<figure id=\"sp-g5yeva\" data-mobile-css=\"#sp-g5yeva|text-align:center;\" data-tablet-css=\"#sp-g5yeva|text-align:center;\" class=\"sp-image-wrapper sp-el-block\" style=\"margin: 0px; text-align: center;\">\n<div><span><img loading=\"lazy\" decoding=\"async\" src=\"https:\/\/eredidigitali.ch\/wp-content\/uploads\/2024\/04\/40481-scaled.jpg\" alt=\"\" width=\"2560\" height=\"2560\" data-mobile-visibility=\".sp-image-block-g5yeva|false\" data-tablet-visibility=\".sp-image-block-g5yeva|false\" data-desktop-visibility=\".sp-image-block-g5yeva|false\" class=\"sp-image-block-g5yeva\" style=\"width: 2560%;\" srcset=\" https:\/\/eredidigitali.ch\/wp-content\/uploads\/2024\/04\/40481-150x150.jpg 150w, https:\/\/eredidigitali.ch\/wp-content\/uploads\/2024\/04\/40481-300x300.jpg 300w, https:\/\/eredidigitali.ch\/wp-content\/uploads\/2024\/04\/40481-1024x1024.jpg 1024w, https:\/\/eredidigitali.ch\/wp-content\/uploads\/2024\/04\/40481-scaled.jpg 2560w\"><\/span><\/div>\n<\/figure>\n<\/div>\n<div id=\"sp-gyksfz\" data-mobile-visibility=\"#sp-gyksfz|false\" data-tablet-visibility=\"#sp-gyksfz|false\" data-desktop-visibility=\"#sp-gyksfz|false\" data-mobile-css=\"\" data-tablet-css=\"\" class=\"sp-el-col  sp-w-full\" style=\"background-color: rgb(158, 158, 158); width: calc(50% - 0px);\"><span href=\"\" target=\"\" rel=\"\" class=\"sp-header-block-link\" style=\"text-decoration: none;\"><\/p>\n<h2 id=\"sp-l4bust\" data-mobile-css=\".sp-headline-block-l4bust, #sp-l4bust, #l4bust|text-align:center;\" data-tablet-css=\".sp-headline-block-l4bust, #sp-l4bust, #l4bust|text-align:center;\" data-mobile-visibility=\".sp-headline-block-l4bust|false\" data-tablet-visibility=\".sp-headline-block-l4bust|false\" data-desktop-visibility=\".sp-headline-block-l4bust|false\" class=\"sp-css-target sp-el-block sp-headline-block-l4bust sp-type-header\" style=\"font-size: 46px; text-align: left; margin: 19px 0px 0px;\">Hai ricevuto in eredit\u00e0 un telefono bloccato?<\/h2>\n<p><\/span><\/p>\n<div id=\"sp-urdgpa\" data-mobile-css=\".sp-text-wrapper-urdgpa, #sp-urdgpa, #urdgpa|text-align:left;\" data-tablet-css=\".sp-text-wrapper-urdgpa, #sp-urdgpa, #urdgpa|text-align:left;\" data-mobile-visibility=\".sp-text-wrapper-urdgpa|false\" data-tablet-visibility=\".sp-text-wrapper-urdgpa|false\" data-desktop-visibility=\".sp-text-wrapper-urdgpa|false\" class=\"sp-css-target sp-text-wrapper sp-el-block sp-text-wrapper-urdgpa\" style=\"margin: 5px 0px 0px; text-align: left;\">\n<p>Possiamo aiutarti, non \u00e8 semplice, n\u00e9 veloce ma possiamo aiutarti con diversi metodi.<\/p>\n<\/div>\n<div id=\"sp-button-parent-zsot1b\" data-mobile-css=\"#sp-button-parent-zsot1b|text-align:center;\" data-tablet-css=\"#sp-button-parent-zsot1b|text-align:center;\" class=\"sp-button-wrapper sp-el-block\" style=\"margin: 18px 0px 0px;\"><a href=\"mailto:info@informatich.ch\" id=\"sp-zsot1b\" data-mobile-css=\"\" data-tablet-css=\"\" data-mobile-visibility=\".sp-button-zsot1b|false\" data-tablet-visibility=\".sp-button-zsot1b|false\" data-desktop-visibility=\".sp-button-zsot1b|false\" target=\"\" rel=\"noopener\" class=\"sp-button sp-css-target sp-text-center sp-inline-block sp-leading-none sp-button-zsot1b\" style=\"text-transform: uppercase; font-size: 22px; background: rgb(255, 255, 255); color: rgb(0, 0, 0); width: 100%; padding: 16px 20px;\"><span>Scopri come<\/span><span><span id=\"sp-button-sub-text-zsot1b\" data-mobile-css=\"\" data-tablet-css=\"\" class=\"sp-button-sub-txt sp-block sp-mt-1 sp-opacity-75\" style=\"font-size: 16px; line-height: 1;\">+41916014060<\/span><\/span><\/a><\/div>\n<div id=\"sp-v22edi\" data-mobile-css=\"#sp-v22edi|height:40px;\" data-tablet-css=\"#sp-v22edi|height:10px;\" class=\"sp-spacer\" style=\"height: 27px;\"><\/div>\n<\/div>\n<\/div>\n<\/section>\n<section id=\"sp-adhgvt\" data-mobile-visibility=\"#sp-adhgvt|false\" data-tablet-visibility=\"#sp-adhgvt|false\" data-desktop-visibility=\"#sp-adhgvt|false\" data-mobile-css=\"\" data-tablet-css=\"\" class=\"sp-el-section \" style=\"background-color: rgb(0, 0, 0); width: 100%; max-width: 100%; padding: 10px; margin-top: 100px;\">\n<div id=\"sp-he7l32\" data-mobile-visibility=\"#sp-he7l32|false\" data-tablet-visibility=\"#sp-he7l32|false\" data-desktop-visibility=\"#sp-he7l32|false\" data-mobile-css=\"\" data-tablet-css=\"\" class=\"sp-el-row sm:sp-flex sp-w-full  sp-m-auto sp-justify-between\" style=\"padding: 0px; width: auto; max-width: 1000px; margin-top: 36px;\">\n<div id=\"sp-xs9mic\" data-mobile-visibility=\"#sp-xs9mic|false\" data-tablet-visibility=\"#sp-xs9mic|false\" data-desktop-visibility=\"#sp-xs9mic|false\" data-mobile-css=\"\" data-tablet-css=\"\" class=\"sp-el-col  sp-w-full\" style=\"width: calc(100% - 0px);\">\n<style type=\"text\/css\">\n      #sp-xs9mic .sp-col-top .seedprod-shape-fill {fill: undefined;} #sp-xs9mic .sp-col-top svg {width: undefined%;height: undefinedpx;transform: translateX(-50%);} #sp-xs9mic .sp-col-bottom .seedprod-shape-fill {fill: undefined;} #sp-xs9mic .sp-col-bottom svg {width: undefined%;height: undefinedpx;transform: translateX(-50%);}\n    <\/style>\n<div class=\"sp-col-shape sp-col-top\" style=\"z-index: 0;\">\n<div><\/div>\n<\/div>\n<div class=\"sp-col-shape sp-col-bottom\" style=\"z-index: 0;\">\n<div><\/div>\n<\/div>\n<p><span href=\"\" target=\"\" rel=\"\" class=\"sp-header-block-link\" style=\"text-decoration: none;\"><\/p>\n<h2 id=\"sp-yhjc0n\" data-mobile-css=\".sp-headline-block-yhjc0n, #sp-yhjc0n, #yhjc0n|text-align:center;\" data-tablet-css=\".sp-headline-block-yhjc0n, #sp-yhjc0n, #yhjc0n|text-align:center;\" data-mobile-visibility=\".sp-headline-block-yhjc0n|false\" data-tablet-visibility=\".sp-headline-block-yhjc0n|false\" data-desktop-visibility=\".sp-headline-block-yhjc0n|false\" class=\"sp-css-target sp-el-block sp-headline-block-yhjc0n sp-type-header\" style=\"font-size: 46px; text-align: left; margin: 19px 0px 0px;\">Oppure<\/h2>\n<p><\/span><\/div>\n<\/div>\n<div id=\"sp-zoax0d\" data-mobile-visibility=\"#sp-zoax0d|false\" data-tablet-visibility=\"#sp-zoax0d|false\" data-desktop-visibility=\"#sp-zoax0d|false\" data-mobile-css=\"\" data-tablet-css=\"\" class=\"sp-el-row sm:sp-flex sp-w-full  sp-m-auto sp-justify-between\" style=\"padding: 0px; width: auto; max-width: 1000px; margin-top: 40px;\">\n<div id=\"sp-t6nwzc\" data-mobile-visibility=\"#sp-t6nwzc|false\" data-tablet-visibility=\"#sp-t6nwzc|false\" data-desktop-visibility=\"#sp-t6nwzc|false\" data-mobile-css=\"\" data-tablet-css=\"\" class=\"sp-el-col  sp-w-full\" style=\"width: calc(50% - 0px);\">\n<style type=\"text\/css\">\n      #sp-t6nwzc .sp-col-top .seedprod-shape-fill {fill: undefined;} #sp-t6nwzc .sp-col-top svg {width: undefined%;height: undefinedpx;transform: translateX(-50%);} #sp-t6nwzc .sp-col-bottom .seedprod-shape-fill {fill: undefined;} #sp-t6nwzc .sp-col-bottom svg {width: undefined%;height: undefinedpx;transform: translateX(-50%);}\n    <\/style>\n<div class=\"sp-col-shape sp-col-top\" style=\"z-index: 0;\">\n<div><\/div>\n<\/div>\n<div class=\"sp-col-shape sp-col-bottom\" style=\"z-index: 0;\">\n<div><\/div>\n<\/div>\n<div id=\"sp-b6vhom\" data-mobile-css=\"#sp-b6vhom|height:40px;\" data-tablet-css=\"#sp-b6vhom|height:10px;\" class=\"sp-spacer\" style=\"height: 60px;\"><\/div>\n<p><span href=\"\" target=\"\" rel=\"\" class=\"sp-header-block-link\" style=\"text-decoration: none;\"><\/p>\n<h3 id=\"sp-yjl0y7\" data-mobile-css=\".sp-headline-block-yjl0y7, #sp-yjl0y7, #yjl0y7|text-align:center;\" data-tablet-css=\".sp-headline-block-yjl0y7, #sp-yjl0y7, #yjl0y7|text-align:center;\" data-mobile-visibility=\".sp-headline-block-yjl0y7|false\" data-tablet-visibility=\".sp-headline-block-yjl0y7|false\" data-desktop-visibility=\".sp-headline-block-yjl0y7|false\" class=\"sp-css-target sp-el-block sp-headline-block-yjl0y7 sp-type-header\" style=\"font-size: 36px; text-align: left; margin: 19px 0px 0px;\">Pensa ai tuoi cari<\/h3>\n<p><\/span><\/p>\n<div id=\"sp-uluf31\" data-mobile-css=\".sp-text-wrapper-uluf31, #sp-uluf31, #uluf31|text-align:left;\" data-tablet-css=\".sp-text-wrapper-uluf31, #sp-uluf31, #uluf31|text-align:left;\" data-mobile-visibility=\".sp-text-wrapper-uluf31|false\" data-tablet-visibility=\".sp-text-wrapper-uluf31|false\" data-desktop-visibility=\".sp-text-wrapper-uluf31|false\" class=\"sp-css-target sp-text-wrapper sp-el-block sp-text-wrapper-uluf31\" style=\"margin: 0px; text-align: left;\">\n<p>Il tuo telefono o tablet pu\u00f2 contenere dei dati importanti per loro. Come pu\u00f2 contenere dei dati che non vorresti che loro trovassero. Contattaci per informazioni, noi possiamo aiutarti a preservare la tua privacy anche quando non ci sarai pi\u00f9<\/p>\n<\/div>\n<div id=\"sp-button-parent-y2bxj3\" data-mobile-css=\"#sp-button-parent-y2bxj3|text-align:center;\" data-tablet-css=\"#sp-button-parent-y2bxj3|text-align:center;\" class=\"sp-button-wrapper sp-el-block\" style=\"margin: 18px 0px 0px;\"><a href=\"mailto:info@informatich.ch\" id=\"sp-y2bxj3\" data-mobile-css=\"\" data-tablet-css=\"\" data-mobile-visibility=\".sp-button-y2bxj3|false\" data-tablet-visibility=\".sp-button-y2bxj3|false\" data-desktop-visibility=\".sp-button-y2bxj3|false\" target=\"\" rel=\"noopener\" class=\"sp-button sp-css-target sp-text-center sp-inline-block sp-leading-none sp-button-y2bxj3\" style=\"text-transform: uppercase; font-size: 22px; background: transparent; color: rgb(255, 255, 255); width: 100%; padding: 16px 20px;\"><span>Scopri come<\/span><span><span id=\"sp-button-sub-text-y2bxj3\" data-mobile-css=\"\" data-tablet-css=\"\" class=\"sp-button-sub-txt sp-block sp-mt-1 sp-opacity-75\" style=\"font-size: 16px; line-height: 1;\">+41916014060<\/span><\/span><\/a><\/div>\n<\/div>\n<div id=\"sp-nsm156\" data-mobile-visibility=\"#sp-nsm156|false\" data-tablet-visibility=\"#sp-nsm156|false\" data-desktop-visibility=\"#sp-nsm156|false\" data-mobile-css=\"\" data-tablet-css=\"\" class=\"sp-el-col  sp-w-full\" style=\"width: calc(50% - 0px);\">\n<style type=\"text\/css\">\n      #sp-nsm156 .sp-col-top .seedprod-shape-fill {fill: undefined;} #sp-nsm156 .sp-col-top svg {width: undefined%;height: undefinedpx;transform: translateX(-50%);} #sp-nsm156 .sp-col-bottom .seedprod-shape-fill {fill: undefined;} #sp-nsm156 .sp-col-bottom svg {width: undefined%;height: undefinedpx;transform: translateX(-50%);}\n    <\/style>\n<div class=\"sp-col-shape sp-col-top\" style=\"z-index: 0;\">\n<div><\/div>\n<\/div>\n<div class=\"sp-col-shape sp-col-bottom\" style=\"z-index: 0;\">\n<div><\/div>\n<\/div>\n<figure id=\"sp-zuarx3\" data-mobile-css=\"#sp-zuarx3|text-align:center;\" data-tablet-css=\"#sp-zuarx3|text-align:center;\" class=\"sp-image-wrapper sp-el-block\" style=\"margin: 0px; text-align: center;\">\n<div><span><img loading=\"lazy\" decoding=\"async\" src=\"https:\/\/eredidigitali.ch\/wp-content\/uploads\/2024\/04\/37172_small.jpg\" alt=\"\" width=\"1920\" height=\"1435\" data-mobile-visibility=\".sp-image-block-zuarx3|false\" data-tablet-visibility=\".sp-image-block-zuarx3|false\" data-desktop-visibility=\".sp-image-block-zuarx3|false\" class=\"sp-image-block-zuarx3\" style=\"width: 1920%;\" srcset=\" https:\/\/eredidigitali.ch\/wp-content\/uploads\/2024\/04\/37172_small-150x150.jpg 150w, https:\/\/eredidigitali.ch\/wp-content\/uploads\/2024\/04\/37172_small-300x224.jpg 300w, https:\/\/eredidigitali.ch\/wp-content\/uploads\/2024\/04\/37172_small-1024x765.jpg 1024w, https:\/\/eredidigitali.ch\/wp-content\/uploads\/2024\/04\/37172_small.jpg 1920w\"><\/span><\/div>\n<\/figure>\n<\/div>\n<\/div>\n<div id=\"sp-j6ef4k\" data-mobile-visibility=\"#sp-j6ef4k|false\" data-tablet-visibility=\"#sp-j6ef4k|false\" data-desktop-visibility=\"#sp-j6ef4k|false\" data-mobile-css=\"\" data-tablet-css=\"\" class=\"sp-el-row sm:sp-flex sp-w-full  sp-m-auto sp-justify-between\" style=\"padding: 0px; width: auto; max-width: 1000px;\">\n<div id=\"sp-uyn1sv\" data-mobile-visibility=\"#sp-uyn1sv|false\" data-tablet-visibility=\"#sp-uyn1sv|false\" data-desktop-visibility=\"#sp-uyn1sv|false\" data-mobile-css=\"\" data-tablet-css=\"\" class=\"sp-el-col  sp-w-full\" style=\"width: calc(100% - 0px);\">\n<style type=\"text\/css\">\n      #sp-uyn1sv .sp-col-top .seedprod-shape-fill {fill: undefined;} #sp-uyn1sv .sp-col-top svg {width: undefined%;height: undefinedpx;transform: translateX(-50%);} #sp-uyn1sv .sp-col-bottom .seedprod-shape-fill {fill: undefined;} #sp-uyn1sv .sp-col-bottom svg {width: undefined%;height: undefinedpx;transform: translateX(-50%);}\n    <\/style>\n<div class=\"sp-col-shape sp-col-top\" style=\"z-index: 0;\">\n<div><\/div>\n<\/div>\n<div class=\"sp-col-shape sp-col-bottom\" style=\"z-index: 0;\">\n<div><\/div>\n<\/div>\n<p><span href=\"\" target=\"\" rel=\"\" class=\"sp-header-block-link\" style=\"text-decoration: none;\"><\/p>\n<h3 id=\"sp-pd3t3p\" data-mobile-css=\".sp-headline-block-pd3t3p, #sp-pd3t3p, #pd3t3p|text-align:center;\" data-tablet-css=\".sp-headline-block-pd3t3p, #sp-pd3t3p, #pd3t3p|text-align:center;\" data-mobile-visibility=\".sp-headline-block-pd3t3p|false\" data-tablet-visibility=\".sp-headline-block-pd3t3p|false\" data-desktop-visibility=\".sp-headline-block-pd3t3p|false\" class=\"sp-css-target sp-el-block sp-headline-block-pd3t3p sp-type-header\" style=\"font-size: 69px; text-align: center; margin: 0px;\">Eredit\u00e0 digitale, pensaci prima che sia troppo tardi<\/h3>\n<p><\/span><\/p>\n<div id=\"sp-ixpsyu\" data-mobile-css=\"#sp-ixpsyu|height:40px;\" data-tablet-css=\"#sp-ixpsyu|height:10px;\" class=\"sp-spacer\" style=\"height: 60px;\"><\/div>\n<p><span href=\"\" target=\"\" rel=\"\" class=\"sp-header-block-link\" style=\"text-decoration: none;\"><\/p>\n<h1 id=\"sp-t3tu9e\" data-mobile-css=\".sp-headline-block-t3tu9e, #sp-t3tu9e, #t3tu9e|text-align:center;\" data-tablet-css=\".sp-headline-block-t3tu9e, #sp-t3tu9e, #t3tu9e|text-align:center;\" data-mobile-visibility=\".sp-headline-block-t3tu9e|false\" data-tablet-visibility=\".sp-headline-block-t3tu9e|false\" data-desktop-visibility=\".sp-headline-block-t3tu9e|false\" class=\"sp-css-target sp-el-block sp-headline-block-t3tu9e sp-type-header\" style=\"text-align: center; margin: 0px;\">Un servizio di<\/h1>\n<p><\/span><\/p>\n<figure id=\"sp-bohtie\" data-mobile-css=\"#sp-bohtie|text-align:center;\" data-tablet-css=\"#sp-bohtie|text-align:center;\" class=\"sp-image-wrapper sp-el-block\" style=\"margin: 0px; text-align: center;\">\n<div><span><img loading=\"lazy\" decoding=\"async\" src=\"https:\/\/eredidigitali.ch\/wp-content\/uploads\/2024\/04\/BiancoBordoBluTrasparenteRigheBiancheNere.png\" alt=\"\" width=\"1144\" height=\"583\" data-mobile-visibility=\".sp-image-block-bohtie|false\" data-tablet-visibility=\".sp-image-block-bohtie|false\" data-desktop-visibility=\".sp-image-block-bohtie|false\" srcset=\" https:\/\/eredidigitali.ch\/wp-content\/uploads\/2024\/04\/BiancoBordoBluTrasparenteRigheBiancheNere-150x150.png 150w, https:\/\/eredidigitali.ch\/wp-content\/uploads\/2024\/04\/BiancoBordoBluTrasparenteRigheBiancheNere-300x153.png 300w, https:\/\/eredidigitali.ch\/wp-content\/uploads\/2024\/04\/BiancoBordoBluTrasparenteRigheBiancheNere-1024x522.png 1024w, https:\/\/eredidigitali.ch\/wp-content\/uploads\/2024\/04\/BiancoBordoBluTrasparenteRigheBiancheNere.png 1144w\" class=\"sp-image-block-bohtie\" style=\"width: 300px;\"><\/span><\/div>\n<\/figure>\n<\/div>\n<\/div>\n<\/section>\n<\/div>\n","protected":false},"excerpt":{"rendered":"<p>Eredi Digitali,possiamo aiutarti Foto di Pavel Danilyuk Hai ricevuto in eredit\u00e0 un telefono bloccato? Possiamo aiutarti, non \u00e8 semplice, n\u00e9 veloce ma possiamo aiutarti con diversi metodi. Scopri come+41916014060 Oppure Pensa ai tuoi cari Il tuo telefono o tablet pu\u00f2 contenere dei dati importanti per loro. Come pu\u00f2 contenere dei dati che non vorresti che [&hellip;]<\/p>\n","protected":false},"author":1,"featured_media":0,"parent":0,"menu_order":0,"comment_status":"closed","ping_status":"closed","template":"","meta":{"footnotes":""},"class_list":["post-6","page","type-page","status-publish","hentry"],"_links":{"self":[{"href":"https:\/\/eredidigitali.ch\/index.php?rest_route=\/wp\/v2\/pages\/6","targetHints":{"allow":["GET"]}}],"collection":[{"href":"https:\/\/eredidigitali.ch\/index.php?rest_route=\/wp\/v2\/pages"}],"about":[{"href":"https:\/\/eredidigitali.ch\/index.php?rest_route=\/wp\/v2\/types\/page"}],"author":[{"embeddable":true,"href":"https:\/\/eredidigitali.ch\/index.php?rest_route=\/wp\/v2\/users\/1"}],"replies":[{"embeddable":true,"href":"https:\/\/eredidigitali.ch\/index.php?rest_route=%2Fwp%2Fv2%2Fcomments&post=6"}],"version-history":[{"count":6,"href":"https:\/\/eredidigitali.ch\/index.php?rest_route=\/wp\/v2\/pages\/6\/revisions"}],"predecessor-version":[{"id":15,"href":"https:\/\/eredidigitali.ch\/index.php?rest_route=\/wp\/v2\/pages\/6\/revisions\/15"}],"wp:attachment":[{"href":"https:\/\/eredidigitali.ch\/index.php?rest_route=%2Fwp%2Fv2%2Fmedia&parent=6"}],"curies":[{"name":"wp","href":"https:\/\/api.w.org\/{rel}","templated":true}]}}